{"id":30,"date":"2021-07-26T16:53:12","date_gmt":"2021-07-26T14:53:12","guid":{"rendered":"https:\/\/art-des-sols.fr\/?page_id=30"},"modified":"2024-02-07T09:59:39","modified_gmt":"2024-02-07T08:59:39","slug":"contactez-nous","status":"publish","type":"page","link":"https:\/\/art-des-sols.fr\/index.php\/contactez-nous\/","title":{"rendered":"CONTACTEZ-NOUS"},"content":{"rendered":"\t\t<div data-elementor-type=\"wp-page\" data-elementor-id=\"30\" class=\"elementor elementor-30\" data-elementor-post-type=\"page\">\n\t\t\t\t\t\t<section class=\"elementor-section elementor-top-section elementor-element elementor-element-6d2eef1 elementor-section-boxed elementor-section-height-default elementor-section-height-default\" data-id=\"6d2eef1\" data-element_type=\"section\" data-settings=\"{&quot;background_background&quot;:&quot;classic&quot;}\">\n\t\t\t\t\t\t<div class=\"elementor-container elementor-column-gap-default\">\n\t\t\t\t\t<div class=\"elementor-column elementor-col-100 elementor-top-column elementor-element elementor-element-a20887d\" data-id=\"a20887d\" data-element_type=\"column\">\n\t\t\t<div class=\"elementor-widget-wrap elementor-element-populated\">\n\t\t\t\t\t\t<div class=\"elementor-element elementor-element-f7212d9 elementor-widget elementor-widget-spacer\" data-id=\"f7212d9\" data-element_type=\"widget\" data-widget_type=\"spacer.default\">\n\t\t\t\t<div class=\"elementor-widget-container\">\n\t\t\t<style>\/*! elementor - v3.19.0 - 05-02-2024 *\/\n.elementor-column .elementor-spacer-inner{height:var(--spacer-size)}.e-con{--container-widget-width:100%}.e-con-inner>.elementor-widget-spacer,.e-con>.elementor-widget-spacer{width:var(--container-widget-width,var(--spacer-size));--align-self:var(--container-widget-align-self,initial);--flex-shrink:0}.e-con-inner>.elementor-widget-spacer>.elementor-widget-container,.e-con>.elementor-widget-spacer>.elementor-widget-container{height:100%;width:100%}.e-con-inner>.elementor-widget-spacer>.elementor-widget-container>.elementor-spacer,.e-con>.elementor-widget-spacer>.elementor-widget-container>.elementor-spacer{height:100%}.e-con-inner>.elementor-widget-spacer>.elementor-widget-container>.elementor-spacer>.elementor-spacer-inner,.e-con>.elementor-widget-spacer>.elementor-widget-container>.elementor-spacer>.elementor-spacer-inner{height:var(--container-widget-height,var(--spacer-size))}.e-con-inner>.elementor-widget-spacer.elementor-widget-empty,.e-con>.elementor-widget-spacer.elementor-widget-empty{position:relative;min-height:22px;min-width:22px}.e-con-inner>.elementor-widget-spacer.elementor-widget-empty .elementor-widget-empty-icon,.e-con>.elementor-widget-spacer.elementor-widget-empty .elementor-widget-empty-icon{position:absolute;top:0;bottom:0;left:0;right:0;margin:auto;padding:0;width:22px;height:22px}<\/style>\t\t<div class=\"elementor-spacer\">\n\t\t\t<div class=\"elementor-spacer-inner\"><\/div>\n\t\t<\/div>\n\t\t\t\t<\/div>\n\t\t\t\t<\/div>\n\t\t\t\t<div class=\"elementor-element elementor-element-9964de9 elementor-headline--style-highlight elementor-widget elementor-widget-animated-headline\" data-id=\"9964de9\" data-element_type=\"widget\" data-settings=\"{&quot;marker&quot;:&quot;underline&quot;,&quot;highlighted_text&quot;:&quot;\\u00c0 votre service&quot;,&quot;headline_style&quot;:&quot;highlight&quot;,&quot;loop&quot;:&quot;yes&quot;,&quot;highlight_animation_duration&quot;:1200,&quot;highlight_iteration_delay&quot;:8000}\" data-widget_type=\"animated-headline.default\">\n\t\t\t\t<div class=\"elementor-widget-container\">\n\t\t\t<link rel=\"stylesheet\" href=\"https:\/\/art-des-sols.fr\/wp-content\/plugins\/elementor-pro\/assets\/css\/widget-animated-headline.min.css\">\t\t<h3 class=\"elementor-headline\">\n\t\t\t\t<span class=\"elementor-headline-dynamic-wrapper elementor-headline-text-wrapper\">\n\t\t\t\t\t<span class=\"elementor-headline-dynamic-text elementor-headline-text-active\">\u00c0 votre service<\/span>\n\t\t\t\t<\/span>\n\t\t\t\t<\/h3>\n\t\t\t\t<\/div>\n\t\t\t\t<\/div>\n\t\t\t\t<div class=\"elementor-element elementor-element-73a843b elementor-widget elementor-widget-spacer\" data-id=\"73a843b\" data-element_type=\"widget\" data-widget_type=\"spacer.default\">\n\t\t\t\t<div class=\"elementor-widget-container\">\n\t\t\t\t\t<div class=\"elementor-spacer\">\n\t\t\t<div class=\"elementor-spacer-inner\"><\/div>\n\t\t<\/div>\n\t\t\t\t<\/div>\n\t\t\t\t<\/div>\n\t\t\t\t<div class=\"elementor-element elementor-element-1c60552 elementor-widget elementor-widget-text-editor\" data-id=\"1c60552\" data-element_type=\"widget\" data-widget_type=\"text-editor.default\">\n\t\t\t\t<div class=\"elementor-widget-container\">\n\t\t\t<style>\/*! elementor - v3.19.0 - 05-02-2024 *\/\n.elementor-widget-text-editor.elementor-drop-cap-view-stacked .elementor-drop-cap{background-color:#69727d;color:#fff}.elementor-widget-text-editor.elementor-drop-cap-view-framed .elementor-drop-cap{color:#69727d;border:3px solid;background-color:transparent}.elementor-widget-text-editor:not(.elementor-drop-cap-view-default) .elementor-drop-cap{margin-top:8px}.elementor-widget-text-editor:not(.elementor-drop-cap-view-default) .elementor-drop-cap-letter{width:1em;height:1em}.elementor-widget-text-editor .elementor-drop-cap{float:left;text-align:center;line-height:1;font-size:50px}.elementor-widget-text-editor .elementor-drop-cap-letter{display:inline-block}<\/style>\t\t\t\t<p>Nous sommes \u00e0 votre disposition si vous souhaitez des informations.<br \/>Nous vous r\u00e9pondrons dans les meilleurs d\u00e9lais.<br \/>\u00c0 tr\u00e8s bient\u00f4t !<\/p>\t\t\t\t\t\t<\/div>\n\t\t\t\t<\/div>\n\t\t\t\t\t<\/div>\n\t\t<\/div>\n\t\t\t\t\t<\/div>\n\t\t<\/section>\n\t\t\t\t<section class=\"elementor-section elementor-top-section elementor-element elementor-element-f86e27f elementor-section-boxed elementor-section-height-default elementor-section-height-default\" data-id=\"f86e27f\" data-element_type=\"section\">\n\t\t\t\t\t\t<div class=\"elementor-container elementor-column-gap-default\">\n\t\t\t\t\t<div class=\"elementor-column elementor-col-100 elementor-top-column elementor-element elementor-element-bc80cb8\" data-id=\"bc80cb8\" data-element_type=\"column\">\n\t\t\t<div class=\"elementor-widget-wrap elementor-element-populated\">\n\t\t\t\t\t\t<div class=\"elementor-element elementor-element-ad9997d elementor-widget elementor-widget-wpforms\" data-id=\"ad9997d\" data-element_type=\"widget\" data-widget_type=\"wpforms.default\">\n\t\t\t\t<div class=\"elementor-widget-container\">\n\t\t\t<div class=\"wpforms-container wpforms-container-full\" id=\"wpforms-293\"><form id=\"wpforms-form-293\" class=\"wpforms-validate wpforms-form wpforms-ajax-form\" data-formid=\"293\" method=\"post\" enctype=\"multipart\/form-data\" action=\"\/index.php\/wp-json\/wp\/v2\/pages\/30\" data-token=\"1bf894c01a3e792616465d3f8e5edc2f\"><noscript class=\"wpforms-error-noscript\">Veuillez activer JavaScript dans votre navigateur pour remplir ce formulaire.<\/noscript><div class=\"wpforms-field-container\"><div id=\"wpforms-293-field_0-container\" class=\"wpforms-field wpforms-field-name\" data-field-id=\"0\"><label class=\"wpforms-field-label\" for=\"wpforms-293-field_0\">Pr\u00e9nom \/ Nom <span class=\"wpforms-required-label\">*<\/span><\/label><div class=\"wpforms-field-row wpforms-field-medium\"><div class=\"wpforms-field-row-block wpforms-first wpforms-one-half\"><input type=\"text\" id=\"wpforms-293-field_0\" class=\"wpforms-field-name-first wpforms-field-required\" name=\"wpforms[fields][0][first]\" required><label for=\"wpforms-293-field_0\" class=\"wpforms-field-sublabel after \">Pr\u00e9nom<\/label><\/div><div class=\"wpforms-field-row-block wpforms-one-half\"><input type=\"text\" id=\"wpforms-293-field_0-last\" class=\"wpforms-field-name-last wpforms-field-required\" name=\"wpforms[fields][0][last]\" required><label for=\"wpforms-293-field_0-last\" class=\"wpforms-field-sublabel after \">Nom<\/label><\/div><\/div><\/div><div id=\"wpforms-293-field_1-container\" class=\"wpforms-field wpforms-field-email\" data-field-id=\"1\"><label class=\"wpforms-field-label\" for=\"wpforms-293-field_1\">Email <span class=\"wpforms-required-label\">*<\/span><\/label><input type=\"email\" id=\"wpforms-293-field_1\" class=\"wpforms-field-medium wpforms-field-required\" name=\"wpforms[fields][1]\" spellcheck=\"false\" required><\/div><div id=\"wpforms-293-field_3-container\" class=\"wpforms-field wpforms-field-text\" data-field-id=\"3\"><label class=\"wpforms-field-label\" for=\"wpforms-293-field_3\">T\u00e9l\u00e9phone<\/label><input type=\"text\" id=\"wpforms-293-field_3\" class=\"wpforms-field-medium\" name=\"wpforms[fields][3]\" ><\/div><div id=\"wpforms-293-field_2-container\" class=\"wpforms-field wpforms-field-textarea\" data-field-id=\"2\"><label class=\"wpforms-field-label\" for=\"wpforms-293-field_2\">VOTRE MESSAGE <span class=\"wpforms-required-label\">*<\/span><\/label><textarea id=\"wpforms-293-field_2\" class=\"wpforms-field-medium wpforms-field-required\" name=\"wpforms[fields][2]\" required><\/textarea><\/div><\/div><!-- .wpforms-field-container --><div class=\"wpforms-recaptcha-container wpforms-is-recaptcha wpforms-is-recaptcha-type-v2\" ><div class=\"g-recaptcha\" data-sitekey=\"6LcgQGopAAAAABQkcuNy0BJJbKF4Nwr3Ki_92siE\"><\/div><input type=\"text\" name=\"g-recaptcha-hidden\" class=\"wpforms-recaptcha-hidden\" style=\"position:absolute!important;clip:rect(0,0,0,0)!important;height:1px!important;width:1px!important;border:0!important;overflow:hidden!important;padding:0!important;margin:0!important;\" data-rule-recaptcha=\"1\"><\/div><div class=\"wpforms-submit-container\" ><input type=\"hidden\" name=\"wpforms[id]\" value=\"293\"><input type=\"hidden\" name=\"wpforms[author]\" value=\"1\"><button type=\"submit\" name=\"wpforms[submit]\" id=\"wpforms-submit-293\" class=\"wpforms-submit\" data-alt-text=\"Envoie en cours\" data-submit-text=\"Envoyer\" aria-live=\"assertive\" value=\"wpforms-submit\">Envoyer<\/button><img decoding=\"async\" src=\"https:\/\/art-des-sols.fr\/wp-content\/plugins\/wpforms-lite\/assets\/images\/submit-spin.svg\" class=\"wpforms-submit-spinner\" style=\"display: none;\" width=\"26\" height=\"26\" alt=\"Chargement en cours\"><\/div><\/form><\/div>  <!-- .wpforms-container -->\t\t<\/div>\n\t\t\t\t<\/div>\n\t\t\t\t\t<\/div>\n\t\t<\/div>\n\t\t\t\t\t<\/div>\n\t\t<\/section>\n\t\t\t\t<\/div>\n\t\t","protected":false},"excerpt":{"rendered":"<p>\u00c0 votre service Nous sommes \u00e0 votre disposition si vous souhaitez des informations.Nous vous r\u00e9pondrons dans les meilleurs d\u00e9lais.\u00c0 tr\u00e8s bient\u00f4t !<\/p>\n","protected":false},"author":1,"featured_media":0,"parent":0,"menu_order":0,"comment_status":"closed","ping_status":"closed","template":"elementor_header_footer","meta":{"footnotes":""},"yoast_head":"<!-- This site is optimized with the Yoast SEO plugin v22.0 - https:\/\/yoast.com\/wordpress\/plugins\/seo\/ -->\n<title>CONTACTEZ-NOUS - ART DES SOLS<\/title>\n<meta name=\"description\" content=\"Art des sols poseur de sol \u00e0 Albertville en Savoie r\u00e9pondra dans les plus brefs d\u00e9lais \u00e0 votre demande. Merci et \u00e0 tr\u00e8s vite\" \/>\n<meta name=\"robots\" content=\"index, follow, max-snippet:-1, max-image-preview:large, max-video-preview:-1\" \/>\n<link rel=\"canonical\" href=\"https:\/\/art-des-sols.fr\/index.php\/contactez-nous\/\" \/>\n<meta property=\"og:locale\" content=\"fr_FR\" \/>\n<meta property=\"og:type\" content=\"article\" \/>\n<meta property=\"og:title\" content=\"CONTACTEZ-NOUS - ART DES SOLS\" \/>\n<meta property=\"og:description\" content=\"Art des sols poseur de sol \u00e0 Albertville en Savoie r\u00e9pondra dans les plus brefs d\u00e9lais \u00e0 votre demande. Merci et \u00e0 tr\u00e8s vite\" \/>\n<meta property=\"og:url\" content=\"https:\/\/art-des-sols.fr\/index.php\/contactez-nous\/\" \/>\n<meta property=\"og:site_name\" content=\"ART DES SOLS\" \/>\n<meta property=\"article:modified_time\" content=\"2024-02-07T08:59:39+00:00\" \/>\n<meta name=\"twitter:card\" content=\"summary_large_image\" \/>\n<meta name=\"twitter:label1\" content=\"Dur\u00e9e de lecture estim\u00e9e\" \/>\n\t<meta name=\"twitter:data1\" content=\"1 minute\" \/>\n<script type=\"application\/ld+json\" class=\"yoast-schema-graph\">{\"@context\":\"https:\/\/schema.org\",\"@graph\":[{\"@type\":\"WebPage\",\"@id\":\"https:\/\/art-des-sols.fr\/index.php\/contactez-nous\/\",\"url\":\"https:\/\/art-des-sols.fr\/index.php\/contactez-nous\/\",\"name\":\"CONTACTEZ-NOUS - ART DES SOLS\",\"isPartOf\":{\"@id\":\"https:\/\/art-des-sols.fr\/#website\"},\"datePublished\":\"2021-07-26T14:53:12+00:00\",\"dateModified\":\"2024-02-07T08:59:39+00:00\",\"description\":\"Art des sols poseur de sol \u00e0 Albertville en Savoie r\u00e9pondra dans les plus brefs d\u00e9lais \u00e0 votre demande. Merci et \u00e0 tr\u00e8s vite\",\"breadcrumb\":{\"@id\":\"https:\/\/art-des-sols.fr\/index.php\/contactez-nous\/#breadcrumb\"},\"inLanguage\":\"fr-FR\",\"potentialAction\":[{\"@type\":\"ReadAction\",\"target\":[\"https:\/\/art-des-sols.fr\/index.php\/contactez-nous\/\"]}]},{\"@type\":\"BreadcrumbList\",\"@id\":\"https:\/\/art-des-sols.fr\/index.php\/contactez-nous\/#breadcrumb\",\"itemListElement\":[{\"@type\":\"ListItem\",\"position\":1,\"name\":\"Accueil\",\"item\":\"https:\/\/art-des-sols.fr\/\"},{\"@type\":\"ListItem\",\"position\":2,\"name\":\"CONTACTEZ-NOUS\"}]},{\"@type\":\"WebSite\",\"@id\":\"https:\/\/art-des-sols.fr\/#website\",\"url\":\"https:\/\/art-des-sols.fr\/\",\"name\":\"ART DES SOLS\",\"description\":\"Rev\u00eatement de sol\",\"publisher\":{\"@id\":\"https:\/\/art-des-sols.fr\/#organization\"},\"potentialAction\":[{\"@type\":\"SearchAction\",\"target\":{\"@type\":\"EntryPoint\",\"urlTemplate\":\"https:\/\/art-des-sols.fr\/?s={search_term_string}\"},\"query-input\":\"required name=search_term_string\"}],\"inLanguage\":\"fr-FR\"},{\"@type\":\"Organization\",\"@id\":\"https:\/\/art-des-sols.fr\/#organization\",\"name\":\"ART DES SOLS\",\"url\":\"https:\/\/art-des-sols.fr\/\",\"logo\":{\"@type\":\"ImageObject\",\"inLanguage\":\"fr-FR\",\"@id\":\"https:\/\/art-des-sols.fr\/#\/schema\/logo\/image\/\",\"url\":\"https:\/\/art-des-sols.fr\/wp-content\/uploads\/2021\/07\/cropped-ADS_LOGO_BLANC_POINT_SANSTEXTE-1.png\",\"contentUrl\":\"https:\/\/art-des-sols.fr\/wp-content\/uploads\/2021\/07\/cropped-ADS_LOGO_BLANC_POINT_SANSTEXTE-1.png\",\"width\":595,\"height\":584,\"caption\":\"ART DES SOLS\"},\"image\":{\"@id\":\"https:\/\/art-des-sols.fr\/#\/schema\/logo\/image\/\"}}]}<\/script>\n<!-- \/ Yoast SEO plugin. -->","yoast_head_json":{"title":"CONTACTEZ-NOUS - ART DES SOLS","description":"Art des sols poseur de sol \u00e0 Albertville en Savoie r\u00e9pondra dans les plus brefs d\u00e9lais \u00e0 votre demande. Merci et \u00e0 tr\u00e8s vite","robots":{"index":"index","follow":"follow","max-snippet":"max-snippet:-1","max-image-preview":"max-image-preview:large","max-video-preview":"max-video-preview:-1"},"canonical":"https:\/\/art-des-sols.fr\/index.php\/contactez-nous\/","og_locale":"fr_FR","og_type":"article","og_title":"CONTACTEZ-NOUS - ART DES SOLS","og_description":"Art des sols poseur de sol \u00e0 Albertville en Savoie r\u00e9pondra dans les plus brefs d\u00e9lais \u00e0 votre demande. Merci et \u00e0 tr\u00e8s vite","og_url":"https:\/\/art-des-sols.fr\/index.php\/contactez-nous\/","og_site_name":"ART DES SOLS","article_modified_time":"2024-02-07T08:59:39+00:00","twitter_card":"summary_large_image","twitter_misc":{"Dur\u00e9e de lecture estim\u00e9e":"1 minute"},"schema":{"@context":"https:\/\/schema.org","@graph":[{"@type":"WebPage","@id":"https:\/\/art-des-sols.fr\/index.php\/contactez-nous\/","url":"https:\/\/art-des-sols.fr\/index.php\/contactez-nous\/","name":"CONTACTEZ-NOUS - ART DES SOLS","isPartOf":{"@id":"https:\/\/art-des-sols.fr\/#website"},"datePublished":"2021-07-26T14:53:12+00:00","dateModified":"2024-02-07T08:59:39+00:00","description":"Art des sols poseur de sol \u00e0 Albertville en Savoie r\u00e9pondra dans les plus brefs d\u00e9lais \u00e0 votre demande. Merci et \u00e0 tr\u00e8s vite","breadcrumb":{"@id":"https:\/\/art-des-sols.fr\/index.php\/contactez-nous\/#breadcrumb"},"inLanguage":"fr-FR","potentialAction":[{"@type":"ReadAction","target":["https:\/\/art-des-sols.fr\/index.php\/contactez-nous\/"]}]},{"@type":"BreadcrumbList","@id":"https:\/\/art-des-sols.fr\/index.php\/contactez-nous\/#breadcrumb","itemListElement":[{"@type":"ListItem","position":1,"name":"Accueil","item":"https:\/\/art-des-sols.fr\/"},{"@type":"ListItem","position":2,"name":"CONTACTEZ-NOUS"}]},{"@type":"WebSite","@id":"https:\/\/art-des-sols.fr\/#website","url":"https:\/\/art-des-sols.fr\/","name":"ART DES SOLS","description":"Rev\u00eatement de sol","publisher":{"@id":"https:\/\/art-des-sols.fr\/#organization"},"potentialAction":[{"@type":"SearchAction","target":{"@type":"EntryPoint","urlTemplate":"https:\/\/art-des-sols.fr\/?s={search_term_string}"},"query-input":"required name=search_term_string"}],"inLanguage":"fr-FR"},{"@type":"Organization","@id":"https:\/\/art-des-sols.fr\/#organization","name":"ART DES SOLS","url":"https:\/\/art-des-sols.fr\/","logo":{"@type":"ImageObject","inLanguage":"fr-FR","@id":"https:\/\/art-des-sols.fr\/#\/schema\/logo\/image\/","url":"https:\/\/art-des-sols.fr\/wp-content\/uploads\/2021\/07\/cropped-ADS_LOGO_BLANC_POINT_SANSTEXTE-1.png","contentUrl":"https:\/\/art-des-sols.fr\/wp-content\/uploads\/2021\/07\/cropped-ADS_LOGO_BLANC_POINT_SANSTEXTE-1.png","width":595,"height":584,"caption":"ART DES SOLS"},"image":{"@id":"https:\/\/art-des-sols.fr\/#\/schema\/logo\/image\/"}}]}},"_links":{"self":[{"href":"https:\/\/art-des-sols.fr\/index.php\/wp-json\/wp\/v2\/pages\/30"}],"collection":[{"href":"https:\/\/art-des-sols.fr\/index.php\/wp-json\/wp\/v2\/pages"}],"about":[{"href":"https:\/\/art-des-sols.fr\/index.php\/wp-json\/wp\/v2\/types\/page"}],"author":[{"embeddable":true,"href":"https:\/\/art-des-sols.fr\/index.php\/wp-json\/wp\/v2\/users\/1"}],"replies":[{"embeddable":true,"href":"https:\/\/art-des-sols.fr\/index.php\/wp-json\/wp\/v2\/comments?post=30"}],"version-history":[{"count":7,"href":"https:\/\/art-des-sols.fr\/index.php\/wp-json\/wp\/v2\/pages\/30\/revisions"}],"predecessor-version":[{"id":437,"href":"https:\/\/art-des-sols.fr\/index.php\/wp-json\/wp\/v2\/pages\/30\/revisions\/437"}],"wp:attachment":[{"href":"https:\/\/art-des-sols.fr\/index.php\/wp-json\/wp\/v2\/media?parent=30"}],"curies":[{"name":"wp","href":"https:\/\/api.w.org\/{rel}","templated":true}]}}